{"id":150,"date":"2024-12-29T13:21:03","date_gmt":"2024-12-29T13:21:03","guid":{"rendered":"https:\/\/www.migration.lt\/?page_id=150"},"modified":"2025-04-04T11:08:49","modified_gmt":"2025-04-04T11:08:49","slug":"kliento_lentele","status":"publish","type":"page","link":"https:\/\/www.migration.lt\/lt\/kliento_lentele","title":{"rendered":"Kliento Lentel\u0117"},"content":{"rendered":"\r\n    <h2 class=\"f_31 bordered-title\">Kliento lentel\u0117<\/h2>\r\n    <form method=\"post\" class=\"uaf_ajax_form\" id=\"form_3\" enctype=\"multipart\/form-data\">\r\n\r\n        <input type=\"hidden\" name=\"form_type\" value=\"form_3\">\r\n        <input type=\"hidden\" name=\"lang\" value=\"lt\">\r\n\r\n        <div class=\"form_message\"><\/div>\r\n\r\n        <div class=\"row\">\r\n            <div class=\"col-xs-12 col-lg-9\">\r\n                <div class=\"inputs-container\">\r\n                    <div>\r\n                        <div class=\"row\">\r\n                            <div class=\"col-sm-5\">\r\n                                <label>Vardas<\/label>\r\n                            <\/div>\r\n                            <div class=\"col-sm-7\">\r\n                                <input type=\"text\" name=\"_name\">\r\n                            <\/div>\r\n                        <\/div>\r\n                    <\/div>\r\n                    <div>\r\n                        <div class=\"row\">\r\n                            <div class=\"col-sm-5\">\r\n                                <label>Pavard\u0117<\/label>\r\n                            <\/div>\r\n                            <div class=\"col-sm-7\">\r\n                                <input type=\"text\" name=\"surname\">\r\n                            <\/div>\r\n                        <\/div>\r\n                    <\/div>\r\n                    <div>\r\n                        <div class=\"row\">\r\n                            <div class=\"col-sm-5\">\r\n                                <label>Gimimo data<\/label>\r\n                            <\/div>\r\n                            <div class=\"col-sm-7\">\r\n                                <input type=\"text\" name=\"date_of_birth\">\r\n                            <\/div>\r\n                        <\/div>\r\n                    <\/div>\r\n                    <div>\r\n                        <div class=\"row\">\r\n                            <div class=\"col-sm-5\">\r\n                                <label>Gyvenamosios vietos adresas<\/label>\r\n                            <\/div>\r\n                            <div class=\"col-sm-7\">\r\n                                <input type=\"text\" name=\"residence_address\">\r\n                            <\/div>\r\n                        <\/div>\r\n                    <\/div>\r\n                    <div>\r\n                        <div class=\"row\">\r\n                            <div class=\"col-sm-5\">\r\n                                <label>Telefono numeris<\/label>\r\n                            <\/div>\r\n                            <div class=\"col-sm-7\">\r\n                                <input type=\"text\" name=\"phone_number\">\r\n                            <\/div>\r\n                        <\/div>\r\n                    <\/div>\r\n                    <div>\r\n                        <div class=\"row\">\r\n                            <div class=\"col-sm-5\">\r\n                                <label>El. pa\u0161tas<\/label>\r\n                            <\/div>\r\n                            <div class=\"col-sm-7\">\r\n                                <input type=\"email\" name=\"email\">\r\n                            <\/div>\r\n                        <\/div>\r\n                    <\/div>\r\n\r\n                    <div>\r\n                        <div class=\"row\">\r\n                            <div class=\"col-sm-5\">\r\n                                <label>Ar norite gauti m\u016bs\u0173 \u012fmon\u0117s naujienas el. pa\u0161tu?<\/label>\r\n                            <\/div>\r\n                            <div class=\"col-sm-7\">\r\n                                <div class=\"radios-horz\">\r\n                                    <label class=\"rh-item\">\r\n                                        <input value=\"yes\" type=\"radio\" name=\"newsletter\" checked>\r\n                                        Taip                                    <\/label>\r\n                                    <label class=\"rh-item\">\r\n                                        <input value=\"no\" type=\"radio\" name=\"newsletter\">\r\n                                        Ne                                    <\/label>\r\n                                <\/div>\r\n                            <\/div>\r\n                        <\/div>\r\n                    <\/div>\r\n\r\n                    <div>\r\n                        <div class=\"row\">\r\n                            <div class=\"col-sm-5\">\r\n                            <\/div>\r\n                            <div class=\"col-sm-7\">\r\n                                <div class=\"d-flex align-items-center\">\r\n                                    <input type=\"checkbox\" id=\"policy-agreement\" name=\"policy-agreement\">\r\n                                    <label for=\"form_type_policy\">\r\n                                        Sutinku, kad mano asmens duomenys b\u016bt\u0173 tvarkomi konsultavimo ir u\u017esakym\u0173 vykdymo tikslais.                                    <\/label>\r\n                                <\/div>\r\n                            <\/div>\r\n                        <\/div>\r\n                    <\/div>\r\n                    <div class=\"text-right\">\r\n                        <button class=\"uaf_form_submit ext_button rounded shadowed green_style f_14 bold uppercase\">\r\n                            Si\u0173sti                        <\/button>\r\n                    <\/div>\r\n\r\n                    <br>\r\n                <\/div>\r\n            <\/div>\r\n        <\/div>\r\n\r\n            <input type=\"hidden\" id=\"form_3_nonce\" name=\"form_3_nonce\" value=\"2ed101a846\" \/><input type=\"hidden\" name=\"_wp_http_referer\" value=\"\/lt\/wp-json\/wp\/v2\/pages\/150\" \/>            <div class=\"recaptcha-container\"><\/div>\r\n            <input type=\"hidden\" name=\"recaptcha_token\" id=\"recaptcha_token_form_3\">\r\n\r\n    <\/form>\r\n\r\n\n","protected":false},"excerpt":{"rendered":"","protected":false},"author":1,"featured_media":0,"parent":0,"menu_order":0,"comment_status":"closed","ping_status":"closed","template":"","meta":{"_acf_changed":false,"_relevanssi_hide_post":"","_relevanssi_hide_content":"","_relevanssi_pin_for_all":"","_relevanssi_pin_keywords":"","_relevanssi_unpin_keywords":"","_relevanssi_related_keywords":"","_relevanssi_related_include_ids":"","_relevanssi_related_exclude_ids":"","_relevanssi_related_no_append":"","_relevanssi_related_not_related":"","_relevanssi_related_posts":"","_relevanssi_noindex_reason":"","footnotes":""},"class_list":["post-150","page","type-page","status-publish","hentry"],"acf":[],"_links":{"self":[{"href":"https:\/\/www.migration.lt\/lt\/wp-json\/wp\/v2\/pages\/150","targetHints":{"allow":["GET"]}}],"collection":[{"href":"https:\/\/www.migration.lt\/lt\/wp-json\/wp\/v2\/pages"}],"about":[{"href":"https:\/\/www.migration.lt\/lt\/wp-json\/wp\/v2\/types\/page"}],"author":[{"embeddable":true,"href":"https:\/\/www.migration.lt\/lt\/wp-json\/wp\/v2\/users\/1"}],"replies":[{"embeddable":true,"href":"https:\/\/www.migration.lt\/lt\/wp-json\/wp\/v2\/comments?post=150"}],"version-history":[{"count":0,"href":"https:\/\/www.migration.lt\/lt\/wp-json\/wp\/v2\/pages\/150\/revisions"}],"wp:attachment":[{"href":"https:\/\/www.migration.lt\/lt\/wp-json\/wp\/v2\/media?parent=150"}],"curies":[{"name":"wp","href":"https:\/\/api.w.org\/{rel}","templated":true}]}}