{"id":164,"date":"2024-12-30T13:45:06","date_gmt":"2024-12-30T13:45:06","guid":{"rendered":"https:\/\/www.migration.lt\/?page_id=164"},"modified":"2025-01-02T20:07:18","modified_gmt":"2025-01-02T20:07:18","slug":"imones_steigimui","status":"publish","type":"page","link":"https:\/\/www.migration.lt\/lt\/imones_steigimui","title":{"rendered":"\u012emon\u0117s steigimui"},"content":{"rendered":"\r\n    <h2 class=\"f_31 bordered-title\">\r\n        Duomenys ir informacija, reikalingi \u012fmonei \u012fregistruoti    <\/h2>\r\n    <form method=\"post\" class=\"uaf_ajax_form\" id=\"form_5\" enctype=\"multipart\/form-data\">\r\n\r\n        <input type=\"hidden\" name=\"form_type\" value=\"form_5\">\r\n        <input type=\"hidden\" name=\"lang\" value=\"lt\">\r\n\r\n        <div class=\"form_message\"><\/div>\r\n\r\n        <div class=\"row\">\r\n            <div class=\"col-xs-12 col-lg-9\">\r\n                <div class=\"inputs-container\">\r\n                    <div>\r\n                        <div class=\"row\">\r\n                            <div class=\"col-sm-5\">\r\n                                <label>\u012emon\u0117s pavadinimas<\/label>\r\n                            <\/div>\r\n                            <div class=\"col-sm-7\">\r\n                                <input type=\"text\" name=\"the_name_of_company\">\r\n                            <\/div>\r\n                        <\/div>\r\n                    <\/div>\r\n                    <div>\r\n                        <div class=\"row\">\r\n                            <div class=\"col-sm-5\">\r\n                                <label>Registracijos adresas Lietuvoje<\/label>\r\n                            <\/div>\r\n                            <div class=\"col-sm-7\">\r\n                                <input type=\"text\" name=\"registration_address_in_lithuania\">\r\n                            <\/div>\r\n                        <\/div>\r\n                    <\/div>\r\n                    <div>\r\n                        <div class=\"row\">\r\n                            <div class=\"col-sm-5\">\r\n                                <label>Bendrov\u0117s veiklos r\u016b\u0161ys<\/label>\r\n                            <\/div>\r\n                            <div class=\"col-sm-7\">\r\n                                <input type=\"text\" name=\"types_of_activities_of_company\">\r\n                            <\/div>\r\n                        <\/div>\r\n                    <\/div>\r\n                    <div>\r\n                        <div class=\"row\">\r\n                            <div class=\"col-sm-5\">\r\n                                <label>\u012estatinis kapitalas<\/label>\r\n                            <\/div>\r\n                            <div class=\"col-sm-7\">\r\n                                <input type=\"text\" name=\"the_authorized_capital\">\r\n                            <\/div>\r\n                        <\/div>\r\n                    <\/div>\r\n                <\/div>\r\n            <\/div>\r\n        <\/div>\r\n\r\n        <br>\r\n        <br>\r\n\r\n        <h2 class=\"f_21\">\r\n            Duomenys apie steig\u0117jus            (<a href=\"#\" id=\"add_more_founder\" class=\"text-decoration-none\">\r\n                <i class=\"fa-regular fa-plus v-align-middle f77p\"><\/i>\r\n                Dar vienas \u012fk\u016br\u0117jas            <\/a>)\r\n        <\/h2>\r\n        <div class=\"row\">\r\n            <div class=\"col-xs-12 col-lg-9\">\r\n                <div class=\"founder-block\">\r\n                    <div class=\"inputs-container\">\r\n                        <div>\r\n                            <div class=\"row\">\r\n                                <div class=\"col-sm-5\">\r\n                                    <label>Vardas ir pavard\u0117<\/label>\r\n                                <\/div>\r\n                                <div class=\"col-sm-7\">\r\n                                    <input type=\"text\" name=\"founder[0][name]\">\r\n                                <\/div>\r\n                            <\/div>\r\n                        <\/div>\r\n                        <div>\r\n                            <div class=\"row\">\r\n                                <div class=\"col-sm-5\">\r\n                                    <label>Gimtadienis<\/label>\r\n                                <\/div>\r\n                                <div class=\"col-sm-7\">\r\n                                    <input type=\"text\" name=\"founder[0][birthday]\">\r\n                                <\/div>\r\n                            <\/div>\r\n                        <\/div>\r\n                        <div>\r\n                            <div class=\"row\">\r\n                                <div class=\"col-sm-5\">\r\n                                    <label>Adresas<\/label>\r\n                                <\/div>\r\n                                <div class=\"col-sm-7\">\r\n                                    <input type=\"text\" name=\"founder[0][address]\">\r\n                                <\/div>\r\n                            <\/div>\r\n                        <\/div>\r\n                        <div>\r\n                            <div class=\"row\">\r\n                                <div class=\"col-sm-5\">\r\n                                    <label>Pilietyb\u0117<\/label>\r\n                                <\/div>\r\n                                <div class=\"col-sm-7\">\r\n                                    <input type=\"text\" name=\"founder[0][citizenship]\">\r\n                                <\/div>\r\n                            <\/div>\r\n                        <\/div>\r\n                        <div>\r\n                            <div class=\"row\">\r\n                                <div class=\"col-sm-5\">\r\n                                    <label>Akcij\u0173 kiekis, akcij\u0173 procentin\u0117 dalis<\/label>\r\n                                <\/div>\r\n                                <div class=\"col-sm-7\">\r\n                                    <input type=\"text\" name=\"founder[0][percentage_of_shares]\">\r\n                                <\/div>\r\n                            <\/div>\r\n                        <\/div>\r\n                    <\/div>\r\n                <\/div>\r\n            <\/div>\r\n        <\/div>\r\n\r\n        <br>\r\n        <br>\r\n\r\n        <h2 class=\"f_21\">\r\n            Duomenys apie direktori\u0173        <\/h2>\r\n        <div class=\"row\">\r\n            <div class=\"col-xs-12 col-lg-9\">\r\n                <div class=\"inputs-container\">\r\n                    <div>\r\n                        <div class=\"row\">\r\n                            <div class=\"col-sm-5\">\r\n                                <label>Vardas ir pavard\u0117<\/label>\r\n                            <\/div>\r\n                            <div class=\"col-sm-7\">\r\n                                <input type=\"text\" name=\"director_name\">\r\n                            <\/div>\r\n                        <\/div>\r\n                    <\/div>\r\n                    <div>\r\n                        <div class=\"row\">\r\n                            <div class=\"col-sm-5\">\r\n                                <label>Gimtadienis<\/label>\r\n                            <\/div>\r\n                            <div class=\"col-sm-7\">\r\n                                <input type=\"text\" name=\"director_birthday\">\r\n                            <\/div>\r\n                        <\/div>\r\n                    <\/div>\r\n                    <div>\r\n                        <div class=\"row\">\r\n                            <div class=\"col-sm-5\">\r\n                                <label>Adresas<\/label>\r\n                            <\/div>\r\n                            <div class=\"col-sm-7\">\r\n                                <input type=\"text\" name=\"director_address\">\r\n                            <\/div>\r\n                        <\/div>\r\n                    <\/div>\r\n                    <div>\r\n                        <div class=\"row\">\r\n                            <div class=\"col-sm-5\">\r\n                                <label>Pilietyb\u0117<\/label>\r\n                            <\/div>\r\n                            <div class=\"col-sm-7\">\r\n                                <input type=\"text\" name=\"director_citizenship\">\r\n                            <\/div>\r\n                        <\/div>\r\n                    <\/div>\r\n                    <div>\r\n                        <div class=\"row\">\r\n                            <div class=\"col-sm-5\">\r\n                                <label>El. pa\u0161tas<\/label>\r\n                            <\/div>\r\n                            <div class=\"col-sm-7\">\r\n                                <input type=\"text\" name=\"email\">\r\n                            <\/div>\r\n                        <\/div>\r\n                    <\/div>\r\n\r\n                    <div>\r\n                        <div class=\"row\">\r\n                            <div class=\"col-sm-5\">\r\n                            <\/div>\r\n                            <div class=\"col-sm-7\">\r\n                                <div class=\"d-flex align-items-center\">\r\n                                    <input type=\"checkbox\" name=\"policy-agreement\" id=\"form_type_policy\"\r\n                                           required=\"required\">\r\n                                    <label for=\"form_type_policy\">\r\n                                        Sutinku, kad mano asmens duomenys b\u016bt\u0173 tvarkomi konsultavimo ir u\u017esakym\u0173 vykdymo tikslais.                                    <\/label>\r\n                                <\/div>\r\n                            <\/div>\r\n                        <\/div>\r\n                    <\/div>\r\n                    <div class=\"text-right\">\r\n                        <button id=\"incorporate_company_form_submit\"\r\n                                class=\"uaf_form_submit ext_button rounded shadowed green_style f_14 bold uppercase\">\r\n                            Si\u0173sti                        <\/button>\r\n                    <\/div>\r\n\r\n                    <br>\r\n                <\/div>\r\n            <\/div>\r\n        <\/div>\r\n        <input type=\"hidden\" id=\"form_5_nonce\" name=\"form_5_nonce\" value=\"e8ca38a753\" \/><input type=\"hidden\" name=\"_wp_http_referer\" value=\"\/lt\/wp-json\/wp\/v2\/pages\/164\" \/>        <div class=\"recaptcha-container\"><\/div>\r\n        <input type=\"hidden\" name=\"recaptcha_token\" id=\"recaptcha_token_form_5\">\r\n\r\n    <\/form>\r\n    <div class=\"founder-template\" style=\"display: none;\">\r\n        <div class=\"gorz-separator\"><\/div>\r\n        <div class=\"inputs-container\">\r\n            <div>\r\n                <div class=\"row\">\r\n                    <div class=\"col-sm-5\">\r\n                        <label>Vardas ir pavard\u0117<\/label>\r\n                    <\/div>\r\n                    <div class=\"col-sm-7\">\r\n                        <input type=\"text\" name=\"founder[@counter@][name]\">\r\n                    <\/div>\r\n                <\/div>\r\n            <\/div>\r\n            <div>\r\n                <div class=\"row\">\r\n                    <div class=\"col-sm-5\">\r\n                        <label>Gimtadienis<\/label>\r\n                    <\/div>\r\n                    <div class=\"col-sm-7\">\r\n                        <input type=\"text\" name=\"founder[@counter@][birthday]\">\r\n                    <\/div>\r\n                <\/div>\r\n            <\/div>\r\n            <div>\r\n                <div class=\"row\">\r\n                    <div class=\"col-sm-5\">\r\n                        <label>Adresas<\/label>\r\n                    <\/div>\r\n                    <div class=\"col-sm-7\">\r\n                        <input type=\"text\" name=\"founder[@counter@][address]\">\r\n                    <\/div>\r\n                <\/div>\r\n            <\/div>\r\n            <div>\r\n                <div class=\"row\">\r\n                    <div class=\"col-sm-5\">\r\n                        <label>Pilietyb\u0117<\/label>\r\n                    <\/div>\r\n                    <div class=\"col-sm-7\">\r\n                        <input type=\"text\" name=\"founder[@counter@][citizenship]\">\r\n                    <\/div>\r\n                <\/div>\r\n            <\/div>\r\n            <div>\r\n                <div class=\"row\">\r\n                    <div class=\"col-sm-5\">\r\n                        <label>Akcij\u0173 kiekis, akcij\u0173 procentin\u0117 dalis<\/label>\r\n                    <\/div>\r\n                    <div class=\"col-sm-7\">\r\n                        <input type=\"text\" name=\"founder[@counter@][percentage_of_shares]\">\r\n                    <\/div>\r\n                <\/div>\r\n            <\/div>\r\n        <\/div>\r\n    <\/div>\r\n\r\n\n","protected":false},"excerpt":{"rendered":"","protected":false},"author":1,"featured_media":0,"parent":0,"menu_order":0,"comment_status":"closed","ping_status":"closed","template":"","meta":{"_acf_changed":false,"_relevanssi_hide_post":"","_relevanssi_hide_content":"","_relevanssi_pin_for_all":"","_relevanssi_pin_keywords":"","_relevanssi_unpin_keywords":"","_relevanssi_related_keywords":"","_relevanssi_related_include_ids":"","_relevanssi_related_exclude_ids":"","_relevanssi_related_no_append":"","_relevanssi_related_not_related":"","_relevanssi_related_posts":"","_relevanssi_noindex_reason":"","footnotes":""},"class_list":["post-164","page","type-page","status-publish","hentry"],"acf":[],"_links":{"self":[{"href":"https:\/\/www.migration.lt\/lt\/wp-json\/wp\/v2\/pages\/164","targetHints":{"allow":["GET"]}}],"collection":[{"href":"https:\/\/www.migration.lt\/lt\/wp-json\/wp\/v2\/pages"}],"about":[{"href":"https:\/\/www.migration.lt\/lt\/wp-json\/wp\/v2\/types\/page"}],"author":[{"embeddable":true,"href":"https:\/\/www.migration.lt\/lt\/wp-json\/wp\/v2\/users\/1"}],"replies":[{"embeddable":true,"href":"https:\/\/www.migration.lt\/lt\/wp-json\/wp\/v2\/comments?post=164"}],"version-history":[{"count":0,"href":"https:\/\/www.migration.lt\/lt\/wp-json\/wp\/v2\/pages\/164\/revisions"}],"wp:attachment":[{"href":"https:\/\/www.migration.lt\/lt\/wp-json\/wp\/v2\/media?parent=164"}],"curies":[{"name":"wp","href":"https:\/\/api.w.org\/{rel}","templated":true}]}}