{"id":166,"date":"2024-12-30T13:45:39","date_gmt":"2024-12-30T13:45:39","guid":{"rendered":"https:\/\/www.migration.lt\/?page_id=166"},"modified":"2024-12-30T13:55:39","modified_gmt":"2024-12-30T13:55:39","slug":"leidimui_gyventi","status":"publish","type":"page","link":"https:\/\/www.migration.lt\/lt\/leidimui_gyventi","title":{"rendered":"Leidimui gyventi"},"content":{"rendered":"\r\n\r\n    <form method=\"post\" class=\"uaf_ajax_form\" id=\"form_6\" enctype=\"multipart\/form-data\">\r\n\r\n        <input type=\"hidden\" name=\"form_type\" value=\"form_6\">\r\n        <input type=\"hidden\" name=\"lang\" value=\"lt\">\r\n\r\n        <div class=\"form_message\"><\/div>\r\n\r\n        <div class=\"row\">\r\n            <div class=\"col-xs-12 col-lg-9\">\r\n                <div class=\"inputs-container\">\r\n                    <div>\r\n                        <div class=\"row\">\r\n                            <div class=\"col-sm-5\">\r\n                                <label>Vardas<\/label>\r\n                            <\/div>\r\n                            <div class=\"col-sm-7\">\r\n                                <input type=\"text\" name=\"_name\">\r\n                            <\/div>\r\n                        <\/div>\r\n                    <\/div>\r\n                    <div>\r\n                        <div class=\"row\">\r\n                            <div class=\"col-sm-5\">\r\n                                <label>Pavard\u0117<\/label>\r\n                            <\/div>\r\n                            <div class=\"col-sm-7\">\r\n                                <input type=\"text\" name=\"surname\">\r\n                            <\/div>\r\n                        <\/div>\r\n                    <\/div>\r\n                    <div>\r\n                        <div class=\"row\">\r\n                            <div class=\"col-sm-5\">\r\n                                <label>El. pa\u0161tas<\/label>\r\n                            <\/div>\r\n                            <div class=\"col-sm-7\">\r\n                                <input type=\"text\" name=\"email\">\r\n                            <\/div>\r\n                        <\/div>\r\n                    <\/div>\r\n                    <div>\r\n                        <div class=\"row\">\r\n                            <div class=\"col-sm-5\">\r\n                                <label>Gimimo vieta<\/label>\r\n                            <\/div>\r\n                            <div class=\"col-sm-7\">\r\n                                <input type=\"text\" name=\"place_of_birth\">\r\n                            <\/div>\r\n                        <\/div>\r\n                    <\/div>\r\n                    <div>\r\n                        <div class=\"row\">\r\n                            <div class=\"col-sm-5\">\r\n                                <label>Pilietyb\u0117<\/label>\r\n                            <\/div>\r\n                            <div class=\"col-sm-7\">\r\n                                <input type=\"text\" name=\"nationality\">\r\n                            <\/div>\r\n                        <\/div>\r\n                    <\/div>\r\n                    <div>\r\n                        <div class=\"row\">\r\n                            <div class=\"col-sm-5\">\r\n                                <label>Ankstesn\u0117 pilietyb\u0117<\/label>\r\n                            <\/div>\r\n                            <div class=\"col-sm-7\">\r\n                                <input type=\"text\" name=\"prev_nationality\">\r\n                            <\/div>\r\n                        <\/div>\r\n                    <\/div>\r\n                    <div>\r\n                        <div class=\"row\">\r\n                            <div class=\"col-sm-5\">\r\n                                <label>\u0160eimos statusas<\/label>\r\n                            <\/div>\r\n                            <div class=\"col-sm-7\">\r\n                                <div class=\"radios-horz\">\r\n                                    <label class=\"rh-item\">\r\n                                        <input type=\"radio\" name=\"family_status\" value=\"single\">\r\n                                        Vieni\u0161as                                    <\/label>\r\n                                    <label class=\"rh-item\">\r\n                                        <input type=\"radio\" name=\"family_status\" value=\"married\">\r\n                                        Susituokes                                    <\/label>\r\n                                    <label class=\"rh-item\">\r\n                                        <input type=\"radio\" name=\"family_status\" value=\"widow (-er)\">\r\n                                        Na\u0161lys (\u0117)                                    <\/label>\r\n                                    <label class=\"rh-item\">\r\n                                        <input type=\"radio\" name=\"family_status\" value=\"divorced\">\r\n                                        I\u0161siskyr\u0119s                                    <\/label>\r\n                                    <label class=\"rh-item\">\r\n                                        <input type=\"radio\" name=\"family_status\" value=\"the contract of partnership\">\r\n                                        Partneryst\u0117s sutartis                                    <\/label>\r\n                                <\/div>\r\n                            <\/div>\r\n                        <\/div>\r\n                    <\/div>\r\n                    <div>\r\n                        <div class=\"row\">\r\n                            <div class=\"col-sm-5\">\r\n                                <label>Nuolatinis adresas kilm\u0117s \u0161alyje (\u0161alyje, kurioje gim\u0117te).<\/label>\r\n                            <\/div>\r\n                            <div class=\"col-sm-7\">\r\n                                <input type=\"text\" name=\"permanent_living_address\">\r\n                            <\/div>\r\n                        <\/div>\r\n                    <\/div>\r\n                    <div>\r\n                        <div class=\"row\">\r\n                            <div class=\"col-sm-5\">\r\n                                <label>The future address in Lithuania and the future phone number in Lithuania<\/label>\r\n                            <\/div>\r\n                            <div class=\"col-sm-7\">\r\n                                <input type=\"text\" name=\"future_address_in_lithuania\">\r\n                            <\/div>\r\n                        <\/div>\r\n                    <\/div>\r\n                <\/div>\r\n            <\/div>\r\n        <\/div>\r\n\r\n        <br>\r\n        <br>\r\n\r\n        <h2 class=\"f_31 bordered-title\">\r\n            Duomenys apie sutuoktin\u012f arba asmen\u012f, su kuriuo sudaryta partneryst\u0117s sutartis        <\/h2>\r\n        <div class=\"row\">\r\n            <div class=\"col-xs-12 col-lg-9\">\r\n                <div class=\"inputs-container\">\r\n                    <div>\r\n                        <div class=\"row\">\r\n                            <div class=\"col-sm-5\">\r\n                                <label>Vardas ir pavard\u0117<\/label>\r\n                            <\/div>\r\n                            <div class=\"col-sm-7\">\r\n                                <input type=\"text\" name=\"data_about_spouse[name_surname]\">\r\n                            <\/div>\r\n                        <\/div>\r\n                    <\/div>\r\n                    <div>\r\n                        <div class=\"row\">\r\n                            <div class=\"col-sm-5\">\r\n                                <label>Ankstesn\u0117 pavard\u0117<\/label>\r\n                            <\/div>\r\n                            <div class=\"col-sm-7\">\r\n                                <input type=\"text\" name=\"data_about_spouse[former_surname]\">\r\n                            <\/div>\r\n                        <\/div>\r\n                    <\/div>\r\n                    <div>\r\n                        <div class=\"row\">\r\n                            <div class=\"col-sm-5\">\r\n                                <label>Vardas ir kiti vardai<\/label>\r\n                            <\/div>\r\n                            <div class=\"col-sm-7\">\r\n                                <input type=\"text\" name=\"data_about_spouse[first_and_other_names]\">\r\n                            <\/div>\r\n                        <\/div>\r\n                    <\/div>\r\n                    <div>\r\n                        <div class=\"row\">\r\n                            <div class=\"col-sm-5\">\r\n                                <label>Gimimo data<\/label>\r\n                            <\/div>\r\n                            <div class=\"col-sm-7\">\r\n                                <input type=\"text\" name=\"data_about_spouse[date_of_birth]\">\r\n                            <\/div>\r\n                        <\/div>\r\n                    <\/div>\r\n                    <div>\r\n                        <div class=\"row\">\r\n                            <div class=\"col-sm-5\">\r\n                                <label>Gimimo vieta<\/label>\r\n                            <\/div>\r\n                            <div class=\"col-sm-7\">\r\n                                <input type=\"text\" name=\"data_about_spouse[place_of_birth]\">\r\n                            <\/div>\r\n                        <\/div>\r\n                    <\/div>\r\n                    <div>\r\n                        <div class=\"row\">\r\n                            <div class=\"col-sm-5\">\r\n                                <label>Pilietyb\u0117<\/label>\r\n                            <\/div>\r\n                            <div class=\"col-sm-7\">\r\n                                <input type=\"text\" name=\"data_about_spouse[nationality]\">\r\n                            <\/div>\r\n                        <\/div>\r\n                    <\/div>\r\n                    <div>\r\n                        <div class=\"row\">\r\n                            <div class=\"col-sm-5\">\r\n                                <label>Santuokos arba partneryst\u0117s sutarties sudarymo data ir vieta<\/label>\r\n                            <\/div>\r\n                            <div class=\"col-sm-7\">\r\n                                <input type=\"text\" name=\"data_about_spouse[date_and_place_of_the_marriage]\">\r\n                            <\/div>\r\n                        <\/div>\r\n                    <\/div>\r\n                    <div>\r\n                        <div class=\"row\">\r\n                            <div class=\"col-sm-5\">\r\n                                <label>Nuolatinis gyvenamosios vietos adresas<\/label>\r\n                            <\/div>\r\n                            <div class=\"col-sm-7\">\r\n                                <input type=\"text\" name=\"data_about_spouse[permanent_living_address]\">\r\n                            <\/div>\r\n                        <\/div>\r\n                    <\/div>\r\n                <\/div>\r\n            <\/div>\r\n        <\/div>\r\n\r\n        <br>\r\n        <br>\r\n\r\n        <h2 class=\"f_31 bordered-title\">\r\n            Duomenys apie vaikus (nenurodant am\u017eiaus)        <\/h2>\r\n        <div class=\"row\">\r\n            <div class=\"col-xs-12 col-lg-9\">\r\n                <div class=\"inputs-container\">\r\n                    <div>\r\n                        <div class=\"row\">\r\n                            <div class=\"col-sm-5\">\r\n                                <label>Vardas ir pavard\u0117<\/label>\r\n                            <\/div>\r\n                            <div class=\"col-sm-7\">\r\n                                <input type=\"text\" name=\"data_about_the_children[name_and_surname]\">\r\n                            <\/div>\r\n                        <\/div>\r\n                    <\/div>\r\n                    <div>\r\n                        <div class=\"row\">\r\n                            <div class=\"col-sm-5\">\r\n                                <label>Santykiai<\/label>\r\n                            <\/div>\r\n                            <div class=\"col-sm-7\">\r\n                                <input type=\"text\" name=\"data_about_the_children[relationship]\">\r\n                            <\/div>\r\n                        <\/div>\r\n                    <\/div>\r\n                    <div>\r\n                        <div class=\"row\">\r\n                            <div class=\"col-sm-5\">\r\n                                <label>Pilietyb\u0117<\/label>\r\n                            <\/div>\r\n                            <div class=\"col-sm-7\">\r\n                                <input type=\"text\" name=\"data_about_the_children[nationality]\">\r\n                            <\/div>\r\n                        <\/div>\r\n                    <\/div>\r\n                    <div>\r\n                        <div class=\"row\">\r\n                            <div class=\"col-sm-5\">\r\n                                <label>Gimtadienis<\/label>\r\n                            <\/div>\r\n                            <div class=\"col-sm-7\">\r\n                                <input type=\"text\" name=\"data_about_the_children[birthday]\">\r\n                            <\/div>\r\n                        <\/div>\r\n                    <\/div>\r\n                    <div>\r\n                        <div class=\"row\">\r\n                            <div class=\"col-sm-5\">\r\n                                <label>Lytis<\/label>\r\n                            <\/div>\r\n                            <div class=\"col-sm-7\">\r\n                                <input type=\"text\" name=\"data_about_the_children[sex]\">\r\n                            <\/div>\r\n                        <\/div>\r\n                    <\/div>\r\n                    <div>\r\n                        <div class=\"row\">\r\n                            <div class=\"col-sm-5\">\r\n                                <label>Adresas<\/label>\r\n                            <\/div>\r\n                            <div class=\"col-sm-7\">\r\n                                <input type=\"text\" name=\"data_about_the_children[address]\">\r\n                            <\/div>\r\n                        <\/div>\r\n                    <\/div>\r\n                <\/div>\r\n            <\/div>\r\n        <\/div>\r\n\r\n        <br>\r\n        <br>\r\n\r\n        <h2 class=\"f_31 bordered-title\">\r\n            Duomenys apie t\u0117vus:        <\/h2>\r\n        <div class=\"row\">\r\n            <div class=\"col-xs-12 col-lg-9\">\r\n                <div class=\"inputs-container\">\r\n                    <div>\r\n                        <div class=\"row\">\r\n                            <div class=\"col-sm-5\">\r\n                                <label>J\u016bs\u0173 t\u0117vo vardas ir pavard\u0117<\/label>\r\n                            <\/div>\r\n                            <div class=\"col-sm-7\">\r\n                                <input type=\"text\" name=\"data_about_the_parents[firthers_name_and_surname]\">\r\n                            <\/div>\r\n                        <\/div>\r\n                    <\/div>\r\n                    <div>\r\n                        <div class=\"row\">\r\n                            <div class=\"col-sm-5\">\r\n                                <label>Gimtadienis<\/label>\r\n                            <\/div>\r\n                            <div class=\"col-sm-7\">\r\n                                <input type=\"text\" name=\"data_about_the_parents[birthday]\">\r\n                            <\/div>\r\n                        <\/div>\r\n                    <\/div>\r\n                    <div>\r\n                        <div class=\"row\">\r\n                            <div class=\"col-sm-5\">\r\n                                <label>Pilietyb\u0117<\/label>\r\n                            <\/div>\r\n                            <div class=\"col-sm-7\">\r\n                                <input type=\"text\" name=\"data_about_the_parents[nationality]\">\r\n                            <\/div>\r\n                        <\/div>\r\n                    <\/div>\r\n                    <div>\r\n                        <div class=\"row\">\r\n                            <div class=\"col-sm-5\">\r\n                                <label>Adresas kilm\u0117s \u0161alyje (\u0161alyje, kurioje jis gim\u0117)<\/label>\r\n                            <\/div>\r\n                            <div class=\"col-sm-7\">\r\n                                <input type=\"text\" name=\"data_about_the_parents[address_in_the_country_of_origin]\">\r\n                            <\/div>\r\n                        <\/div>\r\n                    <\/div>\r\n                    <div>\r\n                        <div class=\"row\">\r\n                            <div class=\"col-sm-5\">\r\n                                <label>J\u016bs\u0173 motinos vardas ir pavard\u0117<\/label>\r\n                            <\/div>\r\n                            <div class=\"col-sm-7\">\r\n                                <input type=\"text\" name=\"data_about_the_parents[mothers_name_and_surname]\">\r\n                            <\/div>\r\n                        <\/div>\r\n                    <\/div>\r\n                    <div>\r\n                        <div class=\"row\">\r\n                            <div class=\"col-sm-5\">\r\n                                <label>Gimtadienis<\/label>\r\n                            <\/div>\r\n                            <div class=\"col-sm-7\">\r\n                                <input type=\"text\" name=\"data_about_the_parents[birthday]\">\r\n                            <\/div>\r\n                        <\/div>\r\n                    <\/div>\r\n                    <div>\r\n                        <div class=\"row\">\r\n                            <div class=\"col-sm-5\">\r\n                                <label>Pilietyb\u0117<\/label>\r\n                            <\/div>\r\n                            <div class=\"col-sm-7\">\r\n                                <input type=\"text\" name=\"data_about_the_parents[nationality]\">\r\n                            <\/div>\r\n                        <\/div>\r\n                    <\/div>\r\n                    <div>\r\n                        <div class=\"row\">\r\n                            <div class=\"col-sm-5\">\r\n                                <label>Adresas kilm\u0117s \u0161alyje, \u0161alyje, kurioje jis gim\u0117<\/label>\r\n                            <\/div>\r\n                            <div class=\"col-sm-7\">\r\n                                <input type=\"text\" name=\"data_about_the_parents[address_in_the_country_of_origin]\">\r\n                            <\/div>\r\n                        <\/div>\r\n                    <\/div>\r\n\r\n                    <div>\r\n                        <div class=\"row\">\r\n                            <div class=\"col-sm-5\">\r\n                            <\/div>\r\n                            <div class=\"col-sm-7\">\r\n                                <div class=\"d-flex align-items-center\">\r\n                                    <input type=\"checkbox\" id=\"form_type_policy\" name=\"policy-agreement\"\r\n                                           required=\"required\">\r\n                                    <label for=\"form_type_policy\">\r\n                                        Sutinku, kad mano asmens duomenys b\u016bt\u0173 tvarkomi konsultavimo ir u\u017esakym\u0173 vykdymo tikslais.                                    <\/label>\r\n                                <\/div>\r\n                            <\/div>\r\n                        <\/div>\r\n                    <\/div>\r\n\r\n                    <div class=\"text-right\">\r\n                        <button id=\"temporary_citizenship_form_submit\"\r\n                                class=\"uaf_form_submit ext_button rounded shadowed green_style f_14 bold uppercase\">\r\n                            Si\u0173sti                        <\/button>\r\n                    <\/div>\r\n\r\n                    <br>\r\n\r\n                <\/div>\r\n            <\/div>\r\n        <\/div>\r\n\r\n        <input type=\"hidden\" id=\"form_6_nonce\" name=\"form_6_nonce\" value=\"eba2438a7e\" \/><input type=\"hidden\" name=\"_wp_http_referer\" value=\"\/lt\/wp-json\/wp\/v2\/pages\/166\" \/>        <div class=\"recaptcha-container\"><\/div>\r\n        <input type=\"hidden\" name=\"recaptcha_token\" id=\"recaptcha_token_form_6\">\r\n\r\n    <\/form>\r\n\r\n\n","protected":false},"excerpt":{"rendered":"","protected":false},"author":1,"featured_media":0,"parent":0,"menu_order":0,"comment_status":"closed","ping_status":"closed","template":"","meta":{"_acf_changed":false,"_relevanssi_hide_post":"","_relevanssi_hide_content":"","_relevanssi_pin_for_all":"","_relevanssi_pin_keywords":"","_relevanssi_unpin_keywords":"","_relevanssi_related_keywords":"","_relevanssi_related_include_ids":"","_relevanssi_related_exclude_ids":"","_relevanssi_related_no_append":"","_relevanssi_related_not_related":"","_relevanssi_related_posts":"824,566,556,576,561,571","_relevanssi_noindex_reason":"","footnotes":""},"class_list":["post-166","page","type-page","status-publish","hentry"],"acf":[],"_links":{"self":[{"href":"https:\/\/www.migration.lt\/lt\/wp-json\/wp\/v2\/pages\/166","targetHints":{"allow":["GET"]}}],"collection":[{"href":"https:\/\/www.migration.lt\/lt\/wp-json\/wp\/v2\/pages"}],"about":[{"href":"https:\/\/www.migration.lt\/lt\/wp-json\/wp\/v2\/types\/page"}],"author":[{"embeddable":true,"href":"https:\/\/www.migration.lt\/lt\/wp-json\/wp\/v2\/users\/1"}],"replies":[{"embeddable":true,"href":"https:\/\/www.migration.lt\/lt\/wp-json\/wp\/v2\/comments?post=166"}],"version-history":[{"count":0,"href":"https:\/\/www.migration.lt\/lt\/wp-json\/wp\/v2\/pages\/166\/revisions"}],"wp:attachment":[{"href":"https:\/\/www.migration.lt\/lt\/wp-json\/wp\/v2\/media?parent=166"}],"curies":[{"name":"wp","href":"https:\/\/api.w.org\/{rel}","templated":true}]}}