{"id":168,"date":"2024-12-30T13:46:16","date_gmt":"2024-12-30T13:46:16","guid":{"rendered":"https:\/\/www.migration.lt\/?page_id=168"},"modified":"2024-12-30T14:05:53","modified_gmt":"2024-12-30T14:05:53","slug":"imones_pirkimui","status":"publish","type":"page","link":"https:\/\/www.migration.lt\/lt\/imones_pirkimui","title":{"rendered":"\u012emon\u0117s pirkimui"},"content":{"rendered":"\r\n\r\n    <form method=\"post\" class=\"uaf_ajax_form\" id=\"form_7\" enctype=\"multipart\/form-data\">\r\n\r\n        <input type=\"hidden\" name=\"form_type\" value=\"form_7\">\r\n        <input type=\"hidden\" name=\"lang\" value=\"lt\">\r\n\r\n        <div class=\"form_message\"><\/div>\r\n\r\n        <h2 class=\"f_31 bordered-title\">Duomenys ir informacija apie \u012fmon\u0117s \u012fsigijim\u0105<\/h2>\r\n\r\n        <div class=\"row\">\r\n            <div class=\"col-xs-12 col-lg-9\">\r\n                <div class=\"inputs-container\">\r\n                    <div>\r\n                        <div class=\"row\">\r\n                            <div class=\"col-sm-5\">\r\n                                <label>\u012emon\u0117s pavadinimas (jei pageidaujate, kad \u012fmon\u0117 tur\u0117t\u0173 j\u016bs\u0173 sugalvot\u0105 pavadinim\u0105)<\/label>\r\n                            <\/div>\r\n                            <div class=\"col-sm-7\">\r\n                                <input type=\"text\" name=\"company.name\">\r\n                            <\/div>\r\n                        <\/div>\r\n                    <\/div>\r\n                    <div>\r\n                        <div class=\"row\">\r\n                            <div class=\"col-sm-5\">\r\n                                <label>Bendrov\u0117s veiklos r\u016b\u0161ys<\/label>\r\n                            <\/div>\r\n                            <div class=\"col-sm-7\">\r\n                                <input type=\"text\" name=\"type.of.activities\">\r\n                            <\/div>\r\n                        <\/div>\r\n                    <\/div>\r\n                    <div>\r\n                        <div class=\"row\">\r\n                            <div class=\"col-sm-5\">\r\n                                <label>\u012estatinis kapitalas<\/label>\r\n                            <\/div>\r\n                            <div class=\"col-sm-7\">\r\n                                <input type=\"text\" name=\"authorized.capital\">\r\n                            <\/div>\r\n                        <\/div>\r\n                    <\/div>\r\n                <\/div>\r\n            <\/div>\r\n        <\/div>\r\n\r\n        <br>\r\n        <br>\r\n\r\n        <h2 class=\"f_21\">\r\n            Duomenys apie pirk\u0117j\u0105        <\/h2>\r\n        <div class=\"row\">\r\n            <div class=\"col-xs-12 col-lg-9\">\r\n                <div class=\"inputs-container\">\r\n                    <div>\r\n                        <div class=\"row\">\r\n                            <div class=\"col-sm-5\">\r\n                                <label>Vardas ir pavard\u0117<\/label>\r\n                            <\/div>\r\n                            <div class=\"col-sm-7\">\r\n                                <input type=\"text\" name=\"name_surname\">\r\n                            <\/div>\r\n                        <\/div>\r\n                    <\/div>\r\n                    <div>\r\n                        <div class=\"row\">\r\n                            <div class=\"col-sm-5\">\r\n                                <label>Gimtadienis<\/label>\r\n                            <\/div>\r\n                            <div class=\"col-sm-7\">\r\n                                <input type=\"text\" name=\"birthday\">\r\n                            <\/div>\r\n                        <\/div>\r\n                    <\/div>\r\n                    <div>\r\n                        <div class=\"row\">\r\n                            <div class=\"col-sm-5\">\r\n                                <label>Adresas<\/label>\r\n                            <\/div>\r\n                            <div class=\"col-sm-7\">\r\n                                <input type=\"text\" name=\"address\">\r\n                            <\/div>\r\n                        <\/div>\r\n                    <\/div>\r\n                    <div>\r\n                        <div class=\"row\">\r\n                            <div class=\"col-sm-5\">\r\n                                <label>Pilietyb\u0117<\/label>\r\n                            <\/div>\r\n                            <div class=\"col-sm-7\">\r\n                                <input type=\"text\" name=\"citizenship\">\r\n                            <\/div>\r\n                        <\/div>\r\n                    <\/div>\r\n                <\/div>\r\n            <\/div>\r\n        <\/div>\r\n\r\n        <br>\r\n        <br>\r\n\r\n        <h2 class=\"f_21\">\r\n            Duomenys apie \u012fmon\u0117s direktori\u0173        <\/h2>\r\n        <div class=\"row\">\r\n            <div class=\"col-xs-12 col-lg-9\">\r\n                <div class=\"inputs-container\">\r\n                    <div>\r\n                        <div class=\"row\">\r\n                            <div class=\"col-sm-5\">\r\n                                <label>Vardas ir pavard\u0117<\/label>\r\n                            <\/div>\r\n                            <div class=\"col-sm-7\">\r\n                                <input type=\"text\" name=\"director_name_surname\">\r\n                            <\/div>\r\n                        <\/div>\r\n                    <\/div>\r\n                    <div>\r\n                        <div class=\"row\">\r\n                            <div class=\"col-sm-5\">\r\n                                <label>Gimtadienis<\/label>\r\n                            <\/div>\r\n                            <div class=\"col-sm-7\">\r\n                                <input type=\"text\" name=\"director.birthday\">\r\n                            <\/div>\r\n                        <\/div>\r\n                    <\/div>\r\n                    <div>\r\n                        <div class=\"row\">\r\n                            <div class=\"col-sm-5\">\r\n                                <label>Adresas<\/label>\r\n                            <\/div>\r\n                            <div class=\"col-sm-7\">\r\n                                <input type=\"text\" name=\"director.address\">\r\n                            <\/div>\r\n                        <\/div>\r\n                    <\/div>\r\n                    <div>\r\n                        <div class=\"row\">\r\n                            <div class=\"col-sm-5\">\r\n                                <label>Pilietyb\u0117<\/label>\r\n                            <\/div>\r\n                            <div class=\"col-sm-7\">\r\n                                <input type=\"text\" name=\"director.citizenship\">\r\n                            <\/div>\r\n                        <\/div>\r\n                    <\/div>\r\n                    <div>\r\n                        <div class=\"row\">\r\n                            <div class=\"col-sm-5\">\r\n                                <label>El. pa\u0161tas<\/label>\r\n                            <\/div>\r\n                            <div class=\"col-sm-7\">\r\n                                <input type=\"text\" name=\"email\">\r\n                            <\/div>\r\n                        <\/div>\r\n                    <\/div>\r\n\r\n                    <div>\r\n                        <div class=\"row\">\r\n                            <div class=\"col-sm-5\">\r\n                            <\/div>\r\n                            <div class=\"col-sm-7\">\r\n                                <div class=\"d-flex align-items-center\">\r\n                                    <input type=\"checkbox\" id=\"form_type_policy\" name=\"policy-agreement\"\r\n                                           required=\"required\">\r\n                                    <label for=\"form_type_policy\">\r\n                                        Sutinku, kad mano asmens duomenys b\u016bt\u0173 tvarkomi konsultavimo ir u\u017esakym\u0173 vykdymo tikslais.                                    <\/label>\r\n                                <\/div>\r\n                            <\/div>\r\n                        <\/div>\r\n                    <\/div>\r\n\r\n                    <div class=\"text-right\">\r\n                        <button id=\"purchase_company_form_submit\"\r\n                                class=\"uaf_form_submit ext_button rounded shadowed green_style f_14 bold uppercase\">\r\n                            Si\u0173sti                        <\/button>\r\n                    <\/div>\r\n\r\n                    <br>\r\n\r\n                <\/div>\r\n            <\/div>\r\n        <\/div>\r\n\r\n        <input type=\"hidden\" id=\"form_7_nonce\" name=\"form_7_nonce\" value=\"563a30cf6a\" \/><input type=\"hidden\" name=\"_wp_http_referer\" value=\"\/lt\/wp-json\/wp\/v2\/pages\/168\" \/>        <div class=\"recaptcha-container\"><\/div>\r\n        <input type=\"hidden\" name=\"recaptcha_token\" id=\"recaptcha_token_form_7\">\r\n\r\n    <\/form>\r\n\r\n\n","protected":false},"excerpt":{"rendered":"","protected":false},"author":1,"featured_media":0,"parent":0,"menu_order":0,"comment_status":"closed","ping_status":"closed","template":"","meta":{"_acf_changed":false,"_relevanssi_hide_post":"","_relevanssi_hide_content":"","_relevanssi_pin_for_all":"","_relevanssi_pin_keywords":"","_relevanssi_unpin_keywords":"","_relevanssi_related_keywords":"","_relevanssi_related_include_ids":"","_relevanssi_related_exclude_ids":"","_relevanssi_related_no_append":"","_relevanssi_related_not_related":"","_relevanssi_related_posts":"","_relevanssi_noindex_reason":"","footnotes":""},"class_list":["post-168","page","type-page","status-publish","hentry"],"acf":[],"_links":{"self":[{"href":"https:\/\/www.migration.lt\/lt\/wp-json\/wp\/v2\/pages\/168","targetHints":{"allow":["GET"]}}],"collection":[{"href":"https:\/\/www.migration.lt\/lt\/wp-json\/wp\/v2\/pages"}],"about":[{"href":"https:\/\/www.migration.lt\/lt\/wp-json\/wp\/v2\/types\/page"}],"author":[{"embeddable":true,"href":"https:\/\/www.migration.lt\/lt\/wp-json\/wp\/v2\/users\/1"}],"replies":[{"embeddable":true,"href":"https:\/\/www.migration.lt\/lt\/wp-json\/wp\/v2\/comments?post=168"}],"version-history":[{"count":0,"href":"https:\/\/www.migration.lt\/lt\/wp-json\/wp\/v2\/pages\/168\/revisions"}],"wp:attachment":[{"href":"https:\/\/www.migration.lt\/lt\/wp-json\/wp\/v2\/media?parent=168"}],"curies":[{"name":"wp","href":"https:\/\/api.w.org\/{rel}","templated":true}]}}